{"id":477,"date":"2021-01-28T21:56:16","date_gmt":"2021-01-28T21:56:16","guid":{"rendered":"http:\/\/memorykorn.de\/home\/?post_type=product&#038;p=477"},"modified":"2025-11-17T08:26:54","modified_gmt":"2025-11-17T08:26:54","slug":"memorykorn-dinkel","status":"publish","type":"product","link":"https:\/\/memorykorn.de\/home\/produkt\/memorykorn-dinkel\/","title":{"rendered":"Memory TIME Dinkel"},"content":{"rendered":"<div class=\"default-style\">Memory Time Dinkel<\/div>\n<div class=\"default-style\">\u00a0<\/div>\n<ul>\n<li class=\"default-style\">Limitiert auf 999 Buddel<\/li>\n<li class=\"default-style\">Aus Oberkulmer\u00a0 Rotkorn Ur-Dinkel n\u00e4t\u00fcrlich mit Malz verzuckert<\/li>\n<li class=\"default-style\">Destilliert auf einer kleinen Kupferdestille mit Passion und Liebe<\/li>\n<li class=\"default-style\">Veredelt im Sp\u00e4tburgunder Eichenholzfass aus dem Kaiserstuhl<\/li>\n<li class=\"default-style\">Handabgef\u00fclltm etikettiert und verschlossen.Handnummeriert und pers\u00f6nlich Unterschrieben vom Destillateurmeister<\/li>\n<li class=\"default-style\">Jede Buddel ein Unikat<\/li>\n<\/ul>\n<div class=\"default-style\">\u00a0<\/div>\n<div class=\"default-style\">MEMORY TIME<\/div>\n<div class=\"default-style\">\u00a0<\/div>\n<div class=\"default-style\">Kornbr\u00e4nde k\u00f6nnen so viel mehr. Und genau daf\u00fcr steht Memory Time.<\/div>\n<div class=\"default-style\">\u00a0<\/div>\n<div class=\"default-style\">Hier werden in Zukunft immer ganz besondere limitierte Kornbr\u00e4nde entstehen.<\/div>\n<div class=\"default-style\">\u00a0<\/div>\n<div class=\"default-style\">Sowie auch der Memory TIME Dinkel was ganz gesonderes ist.<\/div>\n<div class=\"default-style\">\u00a0<\/div>\n<div class=\"default-style\">Der kr\u00e4ftige rote Dinkelbrand mit seinen vielen breiten Facetten<\/div>\n<div class=\"default-style\">\u00a0<\/div>\n<div class=\"default-style\">\u00a0<\/div>\n<div class=\"default-style\"><strong>Der Moment, das Gef\u00fchl, die Erinnerung<\/strong><\/div>\n<div class=\"default-style\">\u00a0<\/div>\n<div class=\"default-style\">Der Moment wo ein ganz besonderes Destillat mit einem phantastischen Aroma deine Sinne umspielt<\/div>\n<div class=\"default-style\">\u00a0<\/div>\n<div class=\"default-style\">Das Gef\u00fchl diesen Kornbrand mit allen Sinnen warzunehmen.<\/div>\n<div class=\"default-style\">\u00a0<\/div>\n<div class=\"default-style\">das alle Verk\u00f6rper die Memory Time LINE<\/div>\n","protected":false},"excerpt":{"rendered":"<h5>(71,80 Euro\/Liter)<br \/>\nInkl. MwSt.<\/h5>\n<p>Versand der Ware voraussichtlich KW 12.<\/p>\n<h5>Abbildung kann vom tats\u00e4chlichen Produkt abweichen<\/h5>\n<p>&nbsp;<\/p>\n","protected":false},"featured_media":1475,"comment_status":"open","ping_status":"closed","template":"","meta":[],"product_brand":[],"product_cat":[15,68],"product_tag":[],"class_list":{"0":"post-477","1":"product","2":"type-product","3":"status-publish","4":"has-post-thumbnail","6":"product_cat-unkategorisiert","7":"product_cat-korn","9":"first","10":"instock","11":"taxable","12":"shipping-taxable","13":"purchasable","14":"product-type-variable"},"_links":{"self":[{"href":"https:\/\/memorykorn.de\/home\/wp-json\/wp\/v2\/product\/477","targetHints":{"allow":["GET"]}}],"collection":[{"href":"https:\/\/memorykorn.de\/home\/wp-json\/wp\/v2\/product"}],"about":[{"href":"https:\/\/memorykorn.de\/home\/wp-json\/wp\/v2\/types\/product"}],"replies":[{"embeddable":true,"href":"https:\/\/memorykorn.de\/home\/wp-json\/wp\/v2\/comments?post=477"}],"wp:featuredmedia":[{"embeddable":true,"href":"https:\/\/memorykorn.de\/home\/wp-json\/wp\/v2\/media\/1475"}],"wp:attachment":[{"href":"https:\/\/memorykorn.de\/home\/wp-json\/wp\/v2\/media?parent=477"}],"wp:term":[{"taxonomy":"product_brand","embeddable":true,"href":"https:\/\/memorykorn.de\/home\/wp-json\/wp\/v2\/product_brand?post=477"},{"taxonomy":"product_cat","embeddable":true,"href":"https:\/\/memorykorn.de\/home\/wp-json\/wp\/v2\/product_cat?post=477"},{"taxonomy":"product_tag","embeddable":true,"href":"https:\/\/memorykorn.de\/home\/wp-json\/wp\/v2\/product_tag?post=477"}],"curies":[{"name":"wp","href":"https:\/\/api.w.org\/{rel}","templated":true}]}}