{"id":304,"date":"2020-07-28T13:56:46","date_gmt":"2020-07-28T13:56:46","guid":{"rendered":"http:\/\/memorykorn.de\/produkt\/import-placeholder-for-41\/"},"modified":"2024-12-01T00:07:04","modified_gmt":"2024-12-01T00:07:04","slug":"memory-waldmeister-05-liter","status":"publish","type":"product","link":"https:\/\/memorykorn.de\/home\/produkt\/memory-waldmeister-05-liter\/","title":{"rendered":"Memory Waldmeister 0,5 Liter"},"content":{"rendered":"<p>Wer erinnert sich nicht gern an seine Kindheit? F\u00fcr viele hat die Erinnerung an die Kindertage sogar einen eigenen Geschmack, der sofort wieder den Gaumen kitzeln will. Oft ist das der Geschmack von Waldmeister. Das Maikraut ist ein echter Fr\u00fchlingsbotschafter, macht mit den ersten warmen Tagen richtig Lust auf einen herrlichen Sommer und schmeckt genauso herrlich: Waldmeister-Wackelpudding mit Vanille-Sauce oder auch Waldmeister-Brausepulver. So schmecken unz\u00e4hlige Erinnerungsmomente an die Kindheit und so schmeckt der MEMORYWALDMEISTER mit echtem, handgepfl\u00fccktem Waldmeister.<\/p>\n<p>Nat\u00fcrlich lecker<br \/>\nDestillateurmeister Friedrich Hoffmann aus Meine bringt hier sein ganzes K\u00f6nnen mit einem feinen, milden Brand und dem Geschmack purer Natur zusammen. Aus doppelt gebranntem Korn flie\u00dft hier nur der weiche Mittellauf zusammen mit Waldmeister in jede Flasche MEMORYWALDMEISTER und l\u00e4sst einen nat\u00fcrlich-reinen Schnaps frei von k\u00fcnstlichen Zus\u00e4tzen mit 35 Vol.-% Alkohol entstehen. Ein purer Genuss f\u00fcr laue Sommern\u00e4chte und viele andere Gelegenheiten.<\/p>\n","protected":false},"excerpt":{"rendered":"<h5>(49,80 Euro\/Liter)<br \/>\nInkl. MwSt.<\/h5>\n<p>Unser gro\u00dfer Waldmeister<\/p>\n","protected":false},"featured_media":312,"comment_status":"open","ping_status":"closed","template":"","meta":[],"product_brand":[],"product_cat":[68],"product_tag":[],"class_list":{"0":"post-304","1":"product","2":"type-product","3":"status-publish","4":"has-post-thumbnail","6":"product_cat-korn","8":"first","9":"instock","10":"taxable","11":"shipping-taxable","12":"purchasable","13":"product-type-simple"},"_links":{"self":[{"href":"https:\/\/memorykorn.de\/home\/wp-json\/wp\/v2\/product\/304","targetHints":{"allow":["GET"]}}],"collection":[{"href":"https:\/\/memorykorn.de\/home\/wp-json\/wp\/v2\/product"}],"about":[{"href":"https:\/\/memorykorn.de\/home\/wp-json\/wp\/v2\/types\/product"}],"replies":[{"embeddable":true,"href":"https:\/\/memorykorn.de\/home\/wp-json\/wp\/v2\/comments?post=304"}],"wp:featuredmedia":[{"embeddable":true,"href":"https:\/\/memorykorn.de\/home\/wp-json\/wp\/v2\/media\/312"}],"wp:attachment":[{"href":"https:\/\/memorykorn.de\/home\/wp-json\/wp\/v2\/media?parent=304"}],"wp:term":[{"taxonomy":"product_brand","embeddable":true,"href":"https:\/\/memorykorn.de\/home\/wp-json\/wp\/v2\/product_brand?post=304"},{"taxonomy":"product_cat","embeddable":true,"href":"https:\/\/memorykorn.de\/home\/wp-json\/wp\/v2\/product_cat?post=304"},{"taxonomy":"product_tag","embeddable":true,"href":"https:\/\/memorykorn.de\/home\/wp-json\/wp\/v2\/product_tag?post=304"}],"curies":[{"name":"wp","href":"https:\/\/api.w.org\/{rel}","templated":true}]}}