{"id":301,"date":"2020-07-28T13:56:46","date_gmt":"2020-07-28T13:56:46","guid":{"rendered":"http:\/\/memorykorn.de\/produkt\/import-placeholder-for-30\/"},"modified":"2025-11-04T09:27:49","modified_gmt":"2025-11-04T09:27:49","slug":"memorykorn-05-liter","status":"publish","type":"product","link":"https:\/\/memorykorn.de\/home\/produkt\/memorykorn-05-liter\/","title":{"rendered":"MemoryKorn 0,5 Liter"},"content":{"rendered":"<p>Bester Korn 2022 DLG Gold<\/p>\n<p>Genie\u00dfe den ganzen milden Geschmack eines Premium Korns wie in den guten, alten Zeiten. MEMORYKORN l\u00e4sst sie f\u00fcr dich, deine Familie oder deine Freunde wieder aufleben. MEMORYKORN ist ein Schnaps f\u00fcr die ganz besonderen Momente, zum gem\u00fctlichen Beisammensein oder zum Feiern und f\u00fcr viele sch\u00f6ne Erlebnisse. In ihm stecken milde Sanftheit f\u00fcr die besinnlichen, ruhigen Augenblicke des Lebens genauso wie die Beats und die nat\u00fcrliche Kraft f\u00fcr tolle Parties. Ein MEMORYKORN passt immer und bringt dir jederzeit ein L\u00e4cheln ins Gesicht, wenn du mit ihm neue Momente feierst oder auf alte Erinnerungen anst\u00f6\u00dft. Trink ihn traditionell pur, als Kurzer oder nimm ihn dir f\u00fcr einen coolen Cocktail und leckere Longdrinks. Mit MEMORYKORN ist alles m\u00f6glich.<\/p>\n<p>Doppelt gebrannt, mit Malz verfeinert<\/p>\n<p>MEMORYKORN ist ein Korn mit 32 Vol.-% Alkohol. Destillateurmeister Friedrich Hoffmann aus Meine l\u00e4sst ihn nach doppeltem Brand in kleinen Brennblasen aus dem feinen, milden Mittellauf der Destillation entstehen. Eine Filtration verst\u00e4rkt die Milde anschlie\u00dfend weiter und Malz rundet das Naturaroma zuletzt f\u00fcr eine einzigartige Spirituose ab.<\/p>\n","protected":false},"excerpt":{"rendered":"<h5>(25,80 Euro\/Liter)<br \/>\nInkl. MwSt.<\/h5>\n<p>Unser gro\u00dfer Korn<\/p>\n","protected":false},"featured_media":305,"comment_status":"open","ping_status":"closed","template":"","meta":[],"product_brand":[],"product_cat":[68],"product_tag":[],"class_list":{"0":"post-301","1":"product","2":"type-product","3":"status-publish","4":"has-post-thumbnail","6":"product_cat-korn","8":"first","9":"instock","10":"taxable","11":"shipping-taxable","12":"purchasable","13":"product-type-simple"},"_links":{"self":[{"href":"https:\/\/memorykorn.de\/home\/wp-json\/wp\/v2\/product\/301","targetHints":{"allow":["GET"]}}],"collection":[{"href":"https:\/\/memorykorn.de\/home\/wp-json\/wp\/v2\/product"}],"about":[{"href":"https:\/\/memorykorn.de\/home\/wp-json\/wp\/v2\/types\/product"}],"replies":[{"embeddable":true,"href":"https:\/\/memorykorn.de\/home\/wp-json\/wp\/v2\/comments?post=301"}],"wp:featuredmedia":[{"embeddable":true,"href":"https:\/\/memorykorn.de\/home\/wp-json\/wp\/v2\/media\/305"}],"wp:attachment":[{"href":"https:\/\/memorykorn.de\/home\/wp-json\/wp\/v2\/media?parent=301"}],"wp:term":[{"taxonomy":"product_brand","embeddable":true,"href":"https:\/\/memorykorn.de\/home\/wp-json\/wp\/v2\/product_brand?post=301"},{"taxonomy":"product_cat","embeddable":true,"href":"https:\/\/memorykorn.de\/home\/wp-json\/wp\/v2\/product_cat?post=301"},{"taxonomy":"product_tag","embeddable":true,"href":"https:\/\/memorykorn.de\/home\/wp-json\/wp\/v2\/product_tag?post=301"}],"curies":[{"name":"wp","href":"https:\/\/api.w.org\/{rel}","templated":true}]}}