{"id":1682,"date":"2025-12-15T14:44:18","date_gmt":"2025-12-15T14:44:18","guid":{"rendered":"https:\/\/memorykorn.de\/home\/?post_type=product&#038;p=1682"},"modified":"2026-03-02T11:53:51","modified_gmt":"2026-03-02T11:53:51","slug":"memory-time-black-jack","status":"publish","type":"product","link":"https:\/\/memorykorn.de\/home\/produkt\/memory-time-black-jack\/","title":{"rendered":"Memory TIME Black Jack"},"content":{"rendered":"<div class=\"default-style\">Memory Time BLACK JACK<\/div>\n<div class=\"default-style\">\u00a0<\/div>\n<ul>\n<li class=\"default-style\">Limitiert auf 1200 Buddel<\/li>\n<li class=\"default-style\">Mit seinem milden, harmonischen Geschmack und<\/li>\n<li class=\"default-style\">einem Hauch von Vanille und Getreidearoma bietet<\/li>\n<li class=\"default-style\">er ein aus\u00dfergew\u00f6hnliches Geschmackserlebnis<\/li>\n<li class=\"default-style\">Klar, ehrlich und zugleich raffiniert.<\/li>\n<li class=\"default-style\">Als Korn geboren, zum Whisky gereift<\/li>\n<li class=\"default-style\">Verwendung von feinsten WIVA Weizen<\/li>\n<li class=\"default-style\">4,5 Jahre oder 1688 Tage gereift<\/li>\n<li class=\"default-style\">IN original Bourben F\u00e4ssern aus Tennessee.<\/li>\n<li class=\"default-style\">Handabgef\u00fclltm etikettiert und verschlossen.Handnummeriert und pers\u00f6nlich Unterschrieben vom Destillateurmeister<\/li>\n<li class=\"default-style\">Jede Buddel ein Unikat<\/li>\n<\/ul>\n<div class=\"default-style\">\u00a0<\/div>\n<div class=\"default-style\">MEMORY TIME<\/div>\n<div class=\"default-style\">\u00a0<\/div>\n<div class=\"default-style\">Kornbr\u00e4nde k\u00f6nnen so viel mehr. Und genau daf\u00fcr steht Memory Time.<\/div>\n<div class=\"default-style\">\u00a0<\/div>\n<div class=\"default-style\">Hier werden in Zukunft immer ganz besondere limitierte Kornbr\u00e4nde entstehen.<\/div>\n<div class=\"default-style\">\u00a0<\/div>\n<div class=\"default-style\">Sowie auch der Memory TIME Dinkel was ganz gesonderes ist.<\/div>\n<div class=\"default-style\">\u00a0<\/div>\n<div class=\"default-style\">Der kr\u00e4ftige rote Dinkelbrand mit seinen vielen breiten Facetten<\/div>\n<div class=\"default-style\">\u00a0<\/div>\n<div class=\"default-style\">\u00a0<\/div>\n<div class=\"default-style\"><strong>Der Moment, das Gef\u00fchl, die Erinnerung<\/strong><\/div>\n<div class=\"default-style\">\u00a0<\/div>\n<div class=\"default-style\">Der Moment wo ein ganz besonderes Destillat mit einem phantastischen Aroma deine Sinne umspielt<\/div>\n<div class=\"default-style\">\u00a0<\/div>\n<div class=\"default-style\">Das Gef\u00fchl diesen Kornbrand mit allen Sinnen warzunehmen.<\/div>\n<div class=\"default-style\">\u00a0<\/div>\n<div class=\"default-style\">das alle Verk\u00f6rper die Memory Time LINE<\/div>\n","protected":false},"excerpt":{"rendered":"<p><img loading=\"lazy\" decoding=\"async\" src=\"http:\/\/memorykorn.de\/wp-content\/uploads\/2025\/12\/1000376192-scaled.jpg\" alt=\"\" width=\"1920\" height=\"2560\" class=\"aligncenter size-full wp-image-1686\" \/><\/p>\n<p><img loading=\"lazy\" decoding=\"async\" src=\"http:\/\/memorykorn.de\/wp-content\/uploads\/2025\/12\/1000376193-scaled.jpg\" alt=\"\" width=\"1920\" height=\"2560\" class=\"aligncenter size-full wp-image-1685\" \/><\/p>\n<p><img loading=\"lazy\" decoding=\"async\" src=\"http:\/\/memorykorn.de\/wp-content\/uploads\/2025\/12\/1000376195-scaled.jpg\" alt=\"\" width=\"1920\" height=\"2560\" class=\"aligncenter size-full wp-image-1687\" \/><\/p>\n","protected":false},"featured_media":1686,"comment_status":"open","ping_status":"closed","template":"","meta":[],"product_brand":[],"product_cat":[15,68],"product_tag":[],"class_list":{"0":"post-1682","1":"product","2":"type-product","3":"status-publish","4":"has-post-thumbnail","6":"product_cat-unkategorisiert","7":"product_cat-korn","9":"first","10":"instock","11":"taxable","12":"shipping-taxable","13":"purchasable","14":"product-type-simple"},"_links":{"self":[{"href":"https:\/\/memorykorn.de\/home\/wp-json\/wp\/v2\/product\/1682","targetHints":{"allow":["GET"]}}],"collection":[{"href":"https:\/\/memorykorn.de\/home\/wp-json\/wp\/v2\/product"}],"about":[{"href":"https:\/\/memorykorn.de\/home\/wp-json\/wp\/v2\/types\/product"}],"replies":[{"embeddable":true,"href":"https:\/\/memorykorn.de\/home\/wp-json\/wp\/v2\/comments?post=1682"}],"wp:featuredmedia":[{"embeddable":true,"href":"https:\/\/memorykorn.de\/home\/wp-json\/wp\/v2\/media\/1686"}],"wp:attachment":[{"href":"https:\/\/memorykorn.de\/home\/wp-json\/wp\/v2\/media?parent=1682"}],"wp:term":[{"taxonomy":"product_brand","embeddable":true,"href":"https:\/\/memorykorn.de\/home\/wp-json\/wp\/v2\/product_brand?post=1682"},{"taxonomy":"product_cat","embeddable":true,"href":"https:\/\/memorykorn.de\/home\/wp-json\/wp\/v2\/product_cat?post=1682"},{"taxonomy":"product_tag","embeddable":true,"href":"https:\/\/memorykorn.de\/home\/wp-json\/wp\/v2\/product_tag?post=1682"}],"curies":[{"name":"wp","href":"https:\/\/api.w.org\/{rel}","templated":true}]}}